{"id":6110,"date":"2022-04-06T04:05:08","date_gmt":"2022-04-06T04:05:08","guid":{"rendered":"https:\/\/patiotime.loftocean.com\/demo2\/?page_id=6110"},"modified":"2025-10-22T17:59:35","modified_gmt":"2025-10-22T15:59:35","slug":"reservation","status":"publish","type":"page","link":"https:\/\/roxy-lounge.com\/index.php\/reservation\/","title":{"rendered":"Reservation"},"content":{"rendered":"\t\t<div data-elementor-type=\"wp-page\" data-elementor-id=\"6110\" class=\"elementor elementor-6110\">\n\t\t\t\t\t\t<section class=\"elementor-section elementor-top-section elementor-element elementor-element-ff76a7 pt-section-content-fullwidth pt_scroll_y_180 pt-parallax-on-scroll elementor-section-boxed elementor-section-height-default elementor-section-height-default\" data-id=\"ff76a7\" data-element_type=\"section\" data-settings=\"{&quot;background_background&quot;:&quot;classic&quot;,&quot;shape_divider_bottom&quot;:&quot;split&quot;}\" data-pt-parallax-y=\"180\" style=\"background-image: none;\" data-pt-background-image=\"https:\/\/roxy-lounge.com\/wp-content\/uploads\/2025\/10\/plat-reservation-en-ligne-chez-roxy-lounge.jpg\">\n\t\t\t\t\t\t\t<div class=\"elementor-background-overlay\"><\/div>\n\t\t\t\t\t\t<div class=\"elementor-shape elementor-shape-bottom\" aria-hidden=\"true\" data-negative=\"false\">\n\t\t\t<svg xmlns=\"http:\/\/www.w3.org\/2000\/svg\" viewBox=\"0 0 1000 20\" preserveAspectRatio=\"none\">\n\t<path class=\"elementor-shape-fill\" d=\"M0,0v3c0,0,393.8,0,483.4,0c9.2,0,16.6,7.4,16.6,16.6c0-9.1,7.4-16.6,16.6-16.6C606.2,3,1000,3,1000,3V0H0z\"\/>\n<\/svg>\t\t<\/div>\n\t\t\t\t\t<div class=\"elementor-container elementor-column-gap-no\">\n\t\t\t\t\t<div class=\"elementor-column elementor-col-100 elementor-top-column elementor-element elementor-element-79de927 dark-color\" data-id=\"79de927\" data-element_type=\"column\">\n\t\t\t<div class=\"elementor-widget-wrap elementor-element-populated\">\n\t\t\t\t\t\t<div class=\"elementor-element elementor-element-61daa06 elementor-widget elementor-widget-pt_title\" data-id=\"61daa06\" data-element_type=\"widget\" data-widget_type=\"pt_title.default\">\n\t\t\t\t<div class=\"elementor-widget-container\">\n\t\t\t\t\t\n        <div class=\"pt-title-wrap text-center\">\t            <h1 class=\"pt-title\">\n\t                R\u00e9servation\t            <\/h1>        <\/div>\t\t\t\t<\/div>\n\t\t\t\t<\/div>\n\t\t\t\t\t<\/div>\n\t\t<\/div>\n\t\t\t\t\t<\/div>\n\t\t<\/section>\n\t\t\t\t<section class=\"elementor-section elementor-top-section elementor-element elementor-element-7b5289dd elementor-section-boxed elementor-section-height-default elementor-section-height-default\" data-id=\"7b5289dd\" data-element_type=\"section\" data-settings=\"{&quot;background_background&quot;:&quot;classic&quot;}\">\n\t\t\t\t\t\t\t<div class=\"elementor-background-overlay\"><\/div>\n\t\t\t\t\t\t\t<div class=\"elementor-container elementor-column-gap-no\">\n\t\t\t\t\t<div class=\"elementor-column elementor-col-100 elementor-top-column elementor-element elementor-element-179931c8\" data-id=\"179931c8\" data-element_type=\"column\">\n\t\t\t<div class=\"elementor-widget-wrap elementor-element-populated\">\n\t\t\t\t\t\t<div class=\"elementor-element elementor-element-6ccaa620 pt-animation-medium-offset elementor-invisible elementor-widget elementor-widget-pt_title\" data-id=\"6ccaa620\" data-element_type=\"widget\" data-settings=\"{&quot;_animation&quot;:&quot;fadeInUp&quot;,&quot;_animation_delay&quot;:300}\" data-widget_type=\"pt_title.default\">\n\t\t\t\t<div class=\"elementor-widget-container\">\n\t\t\t\t\t\n        <div class=\"pt-title-wrap text-center\">\t            <div class=\"pt-subtitle-wrap\"><span class=\"pt-subtitle\">R\u00e9servez en ligne<\/span><\/div>\t            <h4 class=\"pt-title\">\n\t                R\u00e9servez votre table\t            <\/h4>\t            <div class=\"pt-title-text\">\n\t                <p style=\"font-weight: 400;\">Reservez et vivez une exp\u00e9rience gastronomique inoubliable dans un cadre raffin\u00e9 et chaleureux. D\u00e9jeuner d\u2019affaires, d\u00eener romantique ou c\u00e9l\u00e9bration sp\u00e9ciale, le\u00a0Roxy Lounge\u00a0vous accueille avec une cuisine d\u2019exception et un service soign\u00e9.<\/p>\t            <\/div>        <\/div>\t\t\t\t<\/div>\n\t\t\t\t<\/div>\n\t\t\t\t<div class=\"elementor-element elementor-element-3356abb8 pt-animation-medium-offset elementor-invisible elementor-widget elementor-widget-pt_form_cf7\" data-id=\"3356abb8\" data-element_type=\"widget\" data-settings=\"{&quot;_animation&quot;:&quot;fadeInUp&quot;,&quot;_animation_delay&quot;:300}\" data-widget_type=\"pt_form_cf7.default\">\n\t\t\t\t<div class=\"elementor-widget-container\">\n\t\t\t\t\t            <div class=\"pt-form-cf7 placeholder-normal\">\n                <div class=\"pt-form-cf7-wrap\">\n<div class=\"wpcf7 no-js\" id=\"wpcf7-f622-o1\" lang=\"en-US\" dir=\"ltr\" data-wpcf7-id=\"622\">\n<div class=\"screen-reader-response\"><p role=\"status\" aria-live=\"polite\" aria-atomic=\"true\"><\/p> <ul><\/ul><\/div>\n<form action=\"\/index.php\/wp-json\/wp\/v2\/pages\/6110#wpcf7-f622-o1\" method=\"post\" class=\"wpcf7-form init\" aria-label=\"Contact form\" novalidate=\"novalidate\" data-status=\"init\">\n<fieldset class=\"hidden-fields-container\"><input type=\"hidden\" name=\"_wpcf7\" value=\"622\" \/><input type=\"hidden\" name=\"_wpcf7_version\" value=\"6.1\" \/><input type=\"hidden\" name=\"_wpcf7_locale\" value=\"en_US\" \/><input type=\"hidden\" name=\"_wpcf7_unit_tag\" value=\"wpcf7-f622-o1\" \/><input type=\"hidden\" name=\"_wpcf7_container_post\" value=\"0\" \/><input type=\"hidden\" name=\"_wpcf7_posted_data_hash\" value=\"\" \/>\n<\/fieldset>\n<div class=\"row\">\n\t<div class=\"col-1-3 select-wrap\">\n\t\t<p><span class=\"wpcf7-form-control-wrap\" data-name=\"partySize\"><select class=\"wpcf7-form-control wpcf7-select wpcf7-validates-as-required\" aria-required=\"true\" aria-invalid=\"false\" name=\"partySize\"><option value=\"1 Personne\">1 Personne<\/option><option value=\"2 Personnes\">2 Personnes<\/option><option value=\"3 Personnes\">3 Personnes<\/option><option value=\"4 Personnes\">4 Personnes<\/option><option value=\"5 Personnes\">5 Personnes<\/option><option value=\"6 Personnes\">6 Personnes<\/option><option value=\"7 Personnes\">7 Personnes<\/option><option value=\"8 Personnes\">8 Personnes<\/option><option value=\"9 Personnes\">9 Personnes<\/option><option value=\"10 Personnes\">10 Personnes<\/option><option value=\"11 Personnes\">11 Personnes<\/option><option value=\"12 Personnes\">12 Personnes<\/option><option value=\"13 Personnes\">13 Personnes<\/option><option value=\"14 Personnes\">14 Personnes<\/option><option value=\"15 Personnes\">15 Personnes<\/option><option value=\"16 Personnes\">16 Personnes<\/option><option value=\"17 Personnes\">17 Personnes<\/option><option value=\"18 Personnes\">18 Personnes<\/option><option value=\"19 Personnes\">19 Personnes<\/option><option value=\"20 Personnes\">20 Personnes<\/option><\/select><\/span>\n\t\t<\/p>\n\t<\/div>\n\t<div class=\"col-1-3\">\n\t\t<p><span class=\"wpcf7-form-control-wrap\" data-name=\"startDate\"><input class=\"wpcf7-form-control wpcf7-date wpcf7-validates-as-required wpcf7-validates-as-date\" min=\"2026-04-09\" aria-required=\"true\" aria-invalid=\"false\" value=\"2026-04-09\" type=\"date\" name=\"startDate\" \/><\/span>\n\t\t<\/p>\n\t<\/div>\n\t<div class=\"col-1-3 select-wrap\">\n\t\t<p><span class=\"wpcf7-form-control-wrap\" data-name=\"ResTime\"><select class=\"wpcf7-form-control wpcf7-select wpcf7-validates-as-required\" aria-required=\"true\" aria-invalid=\"false\" name=\"ResTime\"><option value=\"11h00\">11h00<\/option><option value=\"11h30\">11h30<\/option><option value=\"12h00\">12h00<\/option><option value=\"12h30\">12h30<\/option><option value=\"13h00\">13h00<\/option><option value=\"13h30\">13h30<\/option><option value=\"14h00\">14h00<\/option><option value=\"14h30\">14h30<\/option><option value=\"15h00\">15h00<\/option><option value=\"15h30\">15h30<\/option><option value=\"16h00\">16h00<\/option><option value=\"16h30\">16h30<\/option><option value=\"17h00\">17h00<\/option><option value=\"17h30\">17h30<\/option><option value=\"18h00\">18h00<\/option><option value=\"18h30\">18h30<\/option><option value=\"19h00\">19h00<\/option><option value=\"19h30\">19h30<\/option><option value=\"20h00\">20h00<\/option><option value=\"20h30\">20h30<\/option><option value=\"21h00\">21h00<\/option><option value=\"21h30\">21h30<\/option><option value=\"22h00\">22h00<\/option><option value=\"22h30\">22h30<\/option><option value=\"23h00\">23h00<\/option><option value=\"00h00\">00h00<\/option><option value=\"00h30\">00h30<\/option><option value=\"01h00\">01h00<\/option><option value=\"01h30\">01h30<\/option><option value=\"02h00\">02h00<\/option><\/select><\/span>\n\t\t<\/p>\n\t<\/div>\n<\/div>\n<div class=\"row\">\n\t<div class=\"col-1-3\">\n\t\t<p><span class=\"wpcf7-form-control-wrap\" data-name=\"text-160\"><input size=\"40\" maxlength=\"400\" class=\"wpcf7-form-control wpcf7-text wpcf7-validates-as-required\" aria-required=\"true\" aria-invalid=\"false\" placeholder=\"Nom &amp; Pr\u00e9noms\" value=\"\" type=\"text\" name=\"text-160\" \/><\/span>\n\t\t<\/p>\n\t<\/div>\n\t<div class=\"col-1-3\">\n\t\t<p><span class=\"wpcf7-form-control-wrap\" data-name=\"email-324\"><input size=\"40\" maxlength=\"400\" class=\"wpcf7-form-control wpcf7-email wpcf7-validates-as-required wpcf7-text wpcf7-validates-as-email\" aria-required=\"true\" aria-invalid=\"false\" placeholder=\"Email\" value=\"\" type=\"email\" name=\"email-324\" \/><\/span>\n\t\t<\/p>\n\t<\/div>\n\t<div class=\"col-1-3\">\n\t\t<p><span class=\"wpcf7-form-control-wrap\" data-name=\"tel-364\"><input size=\"40\" maxlength=\"400\" class=\"wpcf7-form-control wpcf7-tel wpcf7-validates-as-required wpcf7-text wpcf7-validates-as-tel\" aria-required=\"true\" aria-invalid=\"false\" placeholder=\"T\u00e9l\u00e9phone\" value=\"\" type=\"tel\" name=\"tel-364\" \/><\/span>\n\t\t<\/p>\n\t<\/div>\n<\/div>\n<p><span class=\"wpcf7-form-control-wrap\" data-name=\"textarea-50\"><textarea cols=\"40\" rows=\"10\" maxlength=\"2000\" class=\"wpcf7-form-control wpcf7-textarea\" aria-invalid=\"false\" placeholder=\"D\u00e9tails (Menu ou Plats)\" name=\"textarea-50\"><\/textarea><\/span>\n<\/p>\n<p class=\"text-center\"><input class=\"wpcf7-form-control wpcf7-submit has-spinner\" type=\"submit\" value=\"R\u00e9server\" \/>\n<\/p><div class=\"wpcf7-response-output\" aria-hidden=\"true\"><\/div>\n<\/form>\n<\/div>\n<\/div>\n            <\/div>\t\t\t\t<\/div>\n\t\t\t\t<\/div>\n\t\t\t\t\t<\/div>\n\t\t<\/div>\n\t\t\t\t\t<\/div>\n\t\t<\/section>\n\t\t\t\t<\/div>\n\t\t","protected":false},"excerpt":{"rendered":"<p>R\u00e9servation R\u00e9servez en ligne R\u00e9servez votre table Reservez et vivez une exp\u00e9rience gastronomique inoubliable dans un cadre raffin\u00e9 et chaleureux. D\u00e9jeuner d\u2019affaires, d\u00eener romantique ou c\u00e9l\u00e9bration sp\u00e9ciale, le\u00a0Roxy Lounge\u00a0vous accueille avec une cuisine d\u2019exception et un service soign\u00e9. 1 Personne2 Personnes3 Personnes4 Personnes5 Personnes6 Personnes7 Personnes8 Personnes9 Personnes10 Personnes11 Personnes12 Personnes13 Personnes14 Personnes15 Personnes16 Personnes17 &#8230;<\/p>\n","protected":false},"author":1,"featured_media":0,"parent":0,"menu_order":0,"comment_status":"closed","ping_status":"closed","template":"template-wide-content.php","meta":{"patiotime_single_page_hide_site_header":"","patiotime_single_page_site_header_source":"","patiotime_single_page_custom_site_header":"0","patiotime_single_page_custom_sticky_site_header":"0","patiotime_single_page_custom_page_title_margin_top_source":"","patiotime_single_page_custom_page_title_desktop_margin_top":"","patiotime_single_page_custom_page_title_tablet_margin_top":"","patiotime_single_page_custom_page_title_mobile_margin_top":"","patiotime_single_page_hide_page_title":"on","patiotime_single_page_header_section_size":"","patiotime_single_page_header_background_color":"","patiotime_single_page_header_background_position_x":"center","patiotime_single_page_header_background_position_y":"center","patiotime_single_page_header_background_size":"cover","patiotime_single_page_header_background_repeat":"off","patiotime_single_page_header_background_scroll":"on","patiotime_single_page_header_text_color":"","patiotime_single_page_header_show_breadcrumb":"","patiotime_single_page_site_footer_hide_main":"","patiotime_single_custom_site_footer_main_source":"","patiotime_single_custom_site_footer_main":"0","patiotime_single_page_site_footer_hide_above":"on","patiotime_single_custom_site_footer_above_source":"","patiotime_single_custom_site_footer_above":"0","patiotime_single_page_site_footer_hide_instagram":"","patiotime_single_page_site_footer_hide_bottom":"","patiotime_single_custom_mobile_menu_source":"","patiotime_single_custom_mobile_menu":"0","patiotime_single_custom_mobile_menu_animation":"","patiotime_single_custom_mobile_menu_width":"","patiotime_single_custom_mobile_menu_custom_width":375,"footnotes":""},"class_list":["post-6110","page","type-page","status-publish","hentry"],"yoast_head":"<!-- This site is optimized with the Yoast SEO plugin v26.2 - https:\/\/yoast.com\/wordpress\/plugins\/seo\/ -->\n<title>Reservation - Roxy Lounge<\/title>\n<meta name=\"robots\" content=\"index, follow, max-snippet:-1, max-image-preview:large, max-video-preview:-1\" \/>\n<link rel=\"canonical\" href=\"https:\/\/roxy-lounge.com\/index.php\/reservation\/\" \/>\n<meta property=\"og:locale\" content=\"fr_FR\" \/>\n<meta property=\"og:type\" content=\"article\" \/>\n<meta property=\"og:title\" content=\"Reservation - Roxy Lounge\" \/>\n<meta property=\"og:description\" content=\"R\u00e9servation R\u00e9servez en ligne R\u00e9servez votre table Reservez et vivez une exp\u00e9rience gastronomique inoubliable dans un cadre raffin\u00e9 et chaleureux. D\u00e9jeuner d\u2019affaires, d\u00eener romantique ou c\u00e9l\u00e9bration sp\u00e9ciale, le\u00a0Roxy Lounge\u00a0vous accueille avec une cuisine d\u2019exception et un service soign\u00e9. 1 Personne2 Personnes3 Personnes4 Personnes5 Personnes6 Personnes7 Personnes8 Personnes9 Personnes10 Personnes11 Personnes12 Personnes13 Personnes14 Personnes15 Personnes16 Personnes17 ...\" \/>\n<meta property=\"og:url\" content=\"https:\/\/roxy-lounge.com\/index.php\/reservation\/\" \/>\n<meta property=\"og:site_name\" content=\"Roxy Lounge\" \/>\n<meta property=\"article:modified_time\" content=\"2025-10-22T15:59:35+00:00\" \/>\n<meta name=\"twitter:card\" content=\"summary_large_image\" \/>\n<meta name=\"twitter:label1\" content=\"Dur\u00e9e de lecture estim\u00e9e\" \/>\n\t<meta name=\"twitter:data1\" content=\"1 minute\" \/>\n<script type=\"application\/ld+json\" class=\"yoast-schema-graph\">{\"@context\":\"https:\/\/schema.org\",\"@graph\":[{\"@type\":\"WebPage\",\"@id\":\"https:\/\/roxy-lounge.com\/index.php\/reservation\/\",\"url\":\"https:\/\/roxy-lounge.com\/index.php\/reservation\/\",\"name\":\"Reservation - Roxy Lounge\",\"isPartOf\":{\"@id\":\"https:\/\/roxy-lounge.com\/#website\"},\"datePublished\":\"2022-04-06T04:05:08+00:00\",\"dateModified\":\"2025-10-22T15:59:35+00:00\",\"breadcrumb\":{\"@id\":\"https:\/\/roxy-lounge.com\/index.php\/reservation\/#breadcrumb\"},\"inLanguage\":\"fr-FR\",\"potentialAction\":[{\"@type\":\"ReadAction\",\"target\":[\"https:\/\/roxy-lounge.com\/index.php\/reservation\/\"]}]},{\"@type\":\"BreadcrumbList\",\"@id\":\"https:\/\/roxy-lounge.com\/index.php\/reservation\/#breadcrumb\",\"itemListElement\":[{\"@type\":\"ListItem\",\"position\":1,\"name\":\"Home\",\"item\":\"https:\/\/roxy-lounge.com\/\"},{\"@type\":\"ListItem\",\"position\":2,\"name\":\"Reservation\"}]},{\"@type\":\"WebSite\",\"@id\":\"https:\/\/roxy-lounge.com\/#website\",\"url\":\"https:\/\/roxy-lounge.com\/\",\"name\":\"Roxy Lounge\",\"description\":\"\",\"publisher\":{\"@id\":\"https:\/\/roxy-lounge.com\/#organization\"},\"potentialAction\":[{\"@type\":\"SearchAction\",\"target\":{\"@type\":\"EntryPoint\",\"urlTemplate\":\"https:\/\/roxy-lounge.com\/?s={search_term_string}\"},\"query-input\":{\"@type\":\"PropertyValueSpecification\",\"valueRequired\":true,\"valueName\":\"search_term_string\"}}],\"inLanguage\":\"fr-FR\"},{\"@type\":\"Organization\",\"@id\":\"https:\/\/roxy-lounge.com\/#organization\",\"name\":\"Roxy Lounge\",\"url\":\"https:\/\/roxy-lounge.com\/\",\"logo\":{\"@type\":\"ImageObject\",\"inLanguage\":\"fr-FR\",\"@id\":\"https:\/\/roxy-lounge.com\/#\/schema\/logo\/image\/\",\"url\":\"https:\/\/roxy-lounge.com\/wp-content\/uploads\/2025\/07\/cropped-roxy-lounge-logo-ok.png\",\"contentUrl\":\"https:\/\/roxy-lounge.com\/wp-content\/uploads\/2025\/07\/cropped-roxy-lounge-logo-ok.png\",\"width\":352,\"height\":286,\"caption\":\"Roxy Lounge\"},\"image\":{\"@id\":\"https:\/\/roxy-lounge.com\/#\/schema\/logo\/image\/\"}}]}<\/script>\n<!-- \/ Yoast SEO plugin. -->","yoast_head_json":{"title":"Reservation - Roxy Lounge","robots":{"index":"index","follow":"follow","max-snippet":"max-snippet:-1","max-image-preview":"max-image-preview:large","max-video-preview":"max-video-preview:-1"},"canonical":"https:\/\/roxy-lounge.com\/index.php\/reservation\/","og_locale":"fr_FR","og_type":"article","og_title":"Reservation - Roxy Lounge","og_description":"R\u00e9servation R\u00e9servez en ligne R\u00e9servez votre table Reservez et vivez une exp\u00e9rience gastronomique inoubliable dans un cadre raffin\u00e9 et chaleureux. D\u00e9jeuner d\u2019affaires, d\u00eener romantique ou c\u00e9l\u00e9bration sp\u00e9ciale, le\u00a0Roxy Lounge\u00a0vous accueille avec une cuisine d\u2019exception et un service soign\u00e9. 1 Personne2 Personnes3 Personnes4 Personnes5 Personnes6 Personnes7 Personnes8 Personnes9 Personnes10 Personnes11 Personnes12 Personnes13 Personnes14 Personnes15 Personnes16 Personnes17 ...","og_url":"https:\/\/roxy-lounge.com\/index.php\/reservation\/","og_site_name":"Roxy Lounge","article_modified_time":"2025-10-22T15:59:35+00:00","twitter_card":"summary_large_image","twitter_misc":{"Dur\u00e9e de lecture estim\u00e9e":"1 minute"},"schema":{"@context":"https:\/\/schema.org","@graph":[{"@type":"WebPage","@id":"https:\/\/roxy-lounge.com\/index.php\/reservation\/","url":"https:\/\/roxy-lounge.com\/index.php\/reservation\/","name":"Reservation - Roxy Lounge","isPartOf":{"@id":"https:\/\/roxy-lounge.com\/#website"},"datePublished":"2022-04-06T04:05:08+00:00","dateModified":"2025-10-22T15:59:35+00:00","breadcrumb":{"@id":"https:\/\/roxy-lounge.com\/index.php\/reservation\/#breadcrumb"},"inLanguage":"fr-FR","potentialAction":[{"@type":"ReadAction","target":["https:\/\/roxy-lounge.com\/index.php\/reservation\/"]}]},{"@type":"BreadcrumbList","@id":"https:\/\/roxy-lounge.com\/index.php\/reservation\/#breadcrumb","itemListElement":[{"@type":"ListItem","position":1,"name":"Home","item":"https:\/\/roxy-lounge.com\/"},{"@type":"ListItem","position":2,"name":"Reservation"}]},{"@type":"WebSite","@id":"https:\/\/roxy-lounge.com\/#website","url":"https:\/\/roxy-lounge.com\/","name":"Roxy Lounge","description":"","publisher":{"@id":"https:\/\/roxy-lounge.com\/#organization"},"potentialAction":[{"@type":"SearchAction","target":{"@type":"EntryPoint","urlTemplate":"https:\/\/roxy-lounge.com\/?s={search_term_string}"},"query-input":{"@type":"PropertyValueSpecification","valueRequired":true,"valueName":"search_term_string"}}],"inLanguage":"fr-FR"},{"@type":"Organization","@id":"https:\/\/roxy-lounge.com\/#organization","name":"Roxy Lounge","url":"https:\/\/roxy-lounge.com\/","logo":{"@type":"ImageObject","inLanguage":"fr-FR","@id":"https:\/\/roxy-lounge.com\/#\/schema\/logo\/image\/","url":"https:\/\/roxy-lounge.com\/wp-content\/uploads\/2025\/07\/cropped-roxy-lounge-logo-ok.png","contentUrl":"https:\/\/roxy-lounge.com\/wp-content\/uploads\/2025\/07\/cropped-roxy-lounge-logo-ok.png","width":352,"height":286,"caption":"Roxy Lounge"},"image":{"@id":"https:\/\/roxy-lounge.com\/#\/schema\/logo\/image\/"}}]}},"_links":{"self":[{"href":"https:\/\/roxy-lounge.com\/index.php\/wp-json\/wp\/v2\/pages\/6110","targetHints":{"allow":["GET"]}}],"collection":[{"href":"https:\/\/roxy-lounge.com\/index.php\/wp-json\/wp\/v2\/pages"}],"about":[{"href":"https:\/\/roxy-lounge.com\/index.php\/wp-json\/wp\/v2\/types\/page"}],"author":[{"embeddable":true,"href":"https:\/\/roxy-lounge.com\/index.php\/wp-json\/wp\/v2\/users\/1"}],"replies":[{"embeddable":true,"href":"https:\/\/roxy-lounge.com\/index.php\/wp-json\/wp\/v2\/comments?post=6110"}],"version-history":[{"count":18,"href":"https:\/\/roxy-lounge.com\/index.php\/wp-json\/wp\/v2\/pages\/6110\/revisions"}],"predecessor-version":[{"id":7188,"href":"https:\/\/roxy-lounge.com\/index.php\/wp-json\/wp\/v2\/pages\/6110\/revisions\/7188"}],"wp:attachment":[{"href":"https:\/\/roxy-lounge.com\/index.php\/wp-json\/wp\/v2\/media?parent=6110"}],"curies":[{"name":"wp","href":"https:\/\/api.w.org\/{rel}","templated":true}]}}